{"id":435,"date":"2024-03-13T10:31:52","date_gmt":"2024-03-13T09:31:52","guid":{"rendered":"https:\/\/allotaxisaintlaurentdemure.fr\/?page_id=435"},"modified":"2024-03-13T13:38:08","modified_gmt":"2024-03-13T12:38:08","slug":"question-et-zone","status":"publish","type":"page","link":"https:\/\/allotaxisaintlaurentdemure.fr\/index.php\/question-et-zone\/","title":{"rendered":"Questions et Zones"},"content":{"rendered":"\t\t<div data-elementor-type=\"wp-page\" data-elementor-id=\"435\" class=\"elementor elementor-435\">\n\t\t\t\t<div class=\"elementor-element elementor-element-bd9867a e-flex e-con-boxed e-con e-parent\" data-id=\"bd9867a\" data-element_type=\"container\" data-e-type=\"container\">\n\t\t\t\t\t<div class=\"e-con-inner\">\n\t\t\t\t<div class=\"elementor-element elementor-element-697fbf0 elementor-widget elementor-widget-heading\" data-id=\"697fbf0\" data-element_type=\"widget\" data-e-type=\"widget\" data-widget_type=\"heading.default\">\n\t\t\t\t<div class=\"elementor-widget-container\">\n\t\t\t\t\t<h1 class=\"elementor-heading-title elementor-size-default\">Questions diverses<\/h1>\t\t\t\t<\/div>\n\t\t\t\t<\/div>\n\t\t\t\t\t<\/div>\n\t\t\t\t<\/div>\n\t\t<div class=\"elementor-element elementor-element-b98524d e-flex e-con-boxed e-con e-parent\" data-id=\"b98524d\" data-element_type=\"container\" data-e-type=\"container\">\n\t\t\t\t\t<div class=\"e-con-inner\">\n\t\t\t\t<div class=\"elementor-element elementor-element-4d82436 elementor-widget elementor-widget-toggle\" data-id=\"4d82436\" data-element_type=\"widget\" data-e-type=\"widget\" data-widget_type=\"toggle.default\">\n\t\t\t\t<div class=\"elementor-widget-container\">\n\t\t\t\t\t\t\t<div class=\"elementor-toggle\">\n\t\t\t\t\t\t\t<div class=\"elementor-toggle-item\">\n\t\t\t\t\t<div id=\"elementor-tab-title-8121\" class=\"elementor-tab-title\" data-tab=\"1\" role=\"button\" aria-controls=\"elementor-tab-content-8121\" aria-expanded=\"false\">\n\t\t\t\t\t\t\t\t\t\t\t\t<span class=\"elementor-toggle-icon elementor-toggle-icon-left\" aria-hidden=\"true\">\n\t\t\t\t\t\t\t\t\t\t\t\t\t\t\t<span class=\"elementor-toggle-icon-closed\"><svg class=\"e-font-icon-svg e-fas-caret-right\" viewBox=\"0 0 192 512\" xmlns=\"http:\/\/www.w3.org\/2000\/svg\"><path d=\"M0 384.662V127.338c0-17.818 21.543-26.741 34.142-14.142l128.662 128.662c7.81 7.81 7.81 20.474 0 28.284L34.142 398.804C21.543 411.404 0 402.48 0 384.662z\"><\/path><\/svg><\/span>\n\t\t\t\t\t\t\t\t<span class=\"elementor-toggle-icon-opened\"><svg class=\"elementor-toggle-icon-opened e-font-icon-svg e-fas-caret-up\" viewBox=\"0 0 320 512\" xmlns=\"http:\/\/www.w3.org\/2000\/svg\"><path d=\"M288.662 352H31.338c-17.818 0-26.741-21.543-14.142-34.142l128.662-128.662c7.81-7.81 20.474-7.81 28.284 0l128.662 128.662c12.6 12.599 3.676 34.142-14.142 34.142z\"><\/path><\/svg><\/span>\n\t\t\t\t\t\t\t\t\t\t\t\t\t<\/span>\n\t\t\t\t\t\t\t\t\t\t\t\t<a class=\"elementor-toggle-title\" tabindex=\"0\">Quels sont les modes de paiements ?<\/a>\n\t\t\t\t\t<\/div>\n\n\t\t\t\t\t<div id=\"elementor-tab-content-8121\" class=\"elementor-tab-content elementor-clearfix\" data-tab=\"1\" role=\"region\" aria-labelledby=\"elementor-tab-title-8121\"><p><span style=\"color: #000000;\">Pour les transports m\u00e9dicaux : la s\u00e9curit\u00e9 sociale prend en charge les frais d&rsquo;accompagnement (voir la proc\u00e9dure en page d&rsquo;accueil)<\/span> <br \/><span style=\"color: #0000ff;\"><strong>\u21d2 \u00a0<a style=\"color: #0000ff;\" href=\"https:\/\/allotaxisaintlaurentdemure.fr\/\" target=\"_blank\" rel=\"noopener\">Allo Taxi Saint Laurent de Mure<\/a><br \/><\/strong><span style=\"color: #000000;\">Pour les transports d&rsquo;ordre priv\u00e9 ou professionnels : privil\u00e9gier la carte bancaire.<\/span><\/span><\/p><\/div>\n\t\t\t\t<\/div>\n\t\t\t\t\t\t\t<div class=\"elementor-toggle-item\">\n\t\t\t\t\t<div id=\"elementor-tab-title-8122\" class=\"elementor-tab-title\" data-tab=\"2\" role=\"button\" aria-controls=\"elementor-tab-content-8122\" aria-expanded=\"false\">\n\t\t\t\t\t\t\t\t\t\t\t\t<span class=\"elementor-toggle-icon elementor-toggle-icon-left\" aria-hidden=\"true\">\n\t\t\t\t\t\t\t\t\t\t\t\t\t\t\t<span class=\"elementor-toggle-icon-closed\"><svg class=\"e-font-icon-svg e-fas-caret-right\" viewBox=\"0 0 192 512\" xmlns=\"http:\/\/www.w3.org\/2000\/svg\"><path d=\"M0 384.662V127.338c0-17.818 21.543-26.741 34.142-14.142l128.662 128.662c7.81 7.81 7.81 20.474 0 28.284L34.142 398.804C21.543 411.404 0 402.48 0 384.662z\"><\/path><\/svg><\/span>\n\t\t\t\t\t\t\t\t<span class=\"elementor-toggle-icon-opened\"><svg class=\"elementor-toggle-icon-opened e-font-icon-svg e-fas-caret-up\" viewBox=\"0 0 320 512\" xmlns=\"http:\/\/www.w3.org\/2000\/svg\"><path d=\"M288.662 352H31.338c-17.818 0-26.741-21.543-14.142-34.142l128.662-128.662c7.81-7.81 20.474-7.81 28.284 0l128.662 128.662c12.6 12.599 3.676 34.142-14.142 34.142z\"><\/path><\/svg><\/span>\n\t\t\t\t\t\t\t\t\t\t\t\t\t<\/span>\n\t\t\t\t\t\t\t\t\t\t\t\t<a class=\"elementor-toggle-title\" tabindex=\"0\">Quelles sont les zones desservies ?<\/a>\n\t\t\t\t\t<\/div>\n\n\t\t\t\t\t<div id=\"elementor-tab-content-8122\" class=\"elementor-tab-content elementor-clearfix\" data-tab=\"2\" role=\"region\" aria-labelledby=\"elementor-tab-title-8122\"><p>Allo Taxi Saint Laurent de Mure, dessert toute la R\u00e9gion Rh\u00f4ne ALpes. Et peut vous accompagner \u00e9galement, dans toute la France.<\/p><\/div>\n\t\t\t\t<\/div>\n\t\t\t\t\t\t\t<div class=\"elementor-toggle-item\">\n\t\t\t\t\t<div id=\"elementor-tab-title-8123\" class=\"elementor-tab-title\" data-tab=\"3\" role=\"button\" aria-controls=\"elementor-tab-content-8123\" aria-expanded=\"false\">\n\t\t\t\t\t\t\t\t\t\t\t\t<span class=\"elementor-toggle-icon elementor-toggle-icon-left\" aria-hidden=\"true\">\n\t\t\t\t\t\t\t\t\t\t\t\t\t\t\t<span class=\"elementor-toggle-icon-closed\"><svg class=\"e-font-icon-svg e-fas-caret-right\" viewBox=\"0 0 192 512\" xmlns=\"http:\/\/www.w3.org\/2000\/svg\"><path d=\"M0 384.662V127.338c0-17.818 21.543-26.741 34.142-14.142l128.662 128.662c7.81 7.81 7.81 20.474 0 28.284L34.142 398.804C21.543 411.404 0 402.48 0 384.662z\"><\/path><\/svg><\/span>\n\t\t\t\t\t\t\t\t<span class=\"elementor-toggle-icon-opened\"><svg class=\"elementor-toggle-icon-opened e-font-icon-svg e-fas-caret-up\" viewBox=\"0 0 320 512\" xmlns=\"http:\/\/www.w3.org\/2000\/svg\"><path d=\"M288.662 352H31.338c-17.818 0-26.741-21.543-14.142-34.142l128.662-128.662c7.81-7.81 20.474-7.81 28.284 0l128.662 128.662c12.6 12.599 3.676 34.142-14.142 34.142z\"><\/path><\/svg><\/span>\n\t\t\t\t\t\t\t\t\t\t\t\t\t<\/span>\n\t\t\t\t\t\t\t\t\t\t\t\t<a class=\"elementor-toggle-title\" tabindex=\"0\">Quelles sont les villes de l'Est Lyonnais ?<\/a>\n\t\t\t\t\t<\/div>\n\n\t\t\t\t\t<div id=\"elementor-tab-content-8123\" class=\"elementor-tab-content elementor-clearfix\" data-tab=\"3\" role=\"region\" aria-labelledby=\"elementor-tab-title-8123\"><p><strong>Les communes de la M\u00e9tropoles de Lyon :\u00a0<\/strong><br \/>Bron<br \/>Chassieu<br \/>Corbas<br \/>D\u00e9cines Charpieu<br \/>Jonage<br \/>Meyzieu<br \/>Mions<br \/>Saint Priest<br \/>Vaulx en Velin<br \/>Villeurbanne<\/p><p><strong>Les communes du D\u00e9partements du Rh\u00f4ne :\u00a0<\/strong><br \/>Chaponnay<br \/>Communay<br \/>Colombier Saugnieu<br \/>Genas<br \/>Jons<br \/>Marennes<br \/>Pusignan<br \/>Saint Bonnet de Mure<br \/>Saint Laurent de Mure<br \/>Saint Pierre de Chandieu<br \/>Saint Symphorien d&rsquo;Ozon<br \/>S\u00e9r\u00e9zin du Rh\u00f4ne<br \/>Simandres<br \/>Ternay<br \/>Toussieu<\/p><\/div>\n\t\t\t\t<\/div>\n\t\t\t\t\t\t\t\t<\/div>\n\t\t\t\t\t\t<\/div>\n\t\t\t\t<\/div>\n\t\t\t\t\t<\/div>\n\t\t\t\t<\/div>\n\t\t\t\t<\/div>\n\t\t","protected":false},"excerpt":{"rendered":"<p>Questions diverses Quels sont les modes de paiements ? Pour les transports m\u00e9dicaux : la s\u00e9curit\u00e9 sociale prend en charge [&hellip;]<\/p>\n","protected":false},"author":2,"featured_media":0,"parent":0,"menu_order":0,"comment_status":"closed","ping_status":"closed","template":"","meta":{"site-sidebar-layout":"no-sidebar","site-content-layout":"","ast-site-content-layout":"full-width-container","site-content-style":"default","site-sidebar-style":"default","ast-global-header-display":"","ast-banner-title-visibility":"","ast-main-header-display":"","ast-hfb-above-header-display":"","ast-hfb-below-header-display":"","ast-hfb-mobile-header-display":"","site-post-title":"disabled","ast-breadcrumbs-content":"","ast-featured-img":"disabled","footer-sml-layout":"","theme-transparent-header-meta":"","adv-header-id-meta":"","stick-header-meta":"","header-above-stick-meta":"","header-main-stick-meta":"","header-below-stick-meta":"","astra-migrate-meta-layouts":"default","ast-page-background-enabled":"default","ast-page-background-meta":{"desktop":{"background-color":"var(--ast-global-color-4)","background-image":"","background-repeat":"repeat","background-position":"center center","background-size":"auto","background-attachment":"scroll","background-type":"","background-media":"","overlay-type":"","overlay-color":"","overlay-opacity":"","overlay-gradient":""},"tablet":{"background-color":"","background-image":"","background-repeat":"repeat","background-position":"center center","background-size":"auto","background-attachment":"scroll","background-type":"","background-media":"","overlay-type":"","overlay-color":"","overlay-opacity":"","overlay-gradient":""},"mobile":{"background-color":"","background-image":"","background-repeat":"repeat","background-position":"center center","background-size":"auto","background-attachment":"scroll","background-type":"","background-media":"","overlay-type":"","overlay-color":"","overlay-opacity":"","overlay-gradient":""}},"ast-content-background-meta":{"desktop":{"background-color":"var(--ast-global-color-5)","background-image":"","background-repeat":"repeat","background-position":"center center","background-size":"auto","background-attachment":"scroll","background-type":"","background-media":"","overlay-type":"","overlay-color":"","overlay-opacity":"","overlay-gradient":""},"tablet":{"background-color":"var(--ast-global-color-5)","background-image":"","background-repeat":"repeat","background-position":"center center","background-size":"auto","background-attachment":"scroll","background-type":"","background-media":"","overlay-type":"","overlay-color":"","overlay-opacity":"","overlay-gradient":""},"mobile":{"background-color":"var(--ast-global-color-5)","background-image":"","background-repeat":"repeat","background-position":"center center","background-size":"auto","background-attachment":"scroll","background-type":"","background-media":"","overlay-type":"","overlay-color":"","overlay-opacity":"","overlay-gradient":""}},"_joinchat":[],"footnotes":""},"class_list":["post-435","page","type-page","status-publish","hentry"],"yoast_head":"<!-- This site is optimized with the Yoast SEO plugin v27.4 - https:\/\/yoast.com\/product\/yoast-seo-wordpress\/ -->\n<title>Question et Zone<\/title>\n<meta name=\"description\" content=\"Question et Zone : Allo Taxi Saint Laurent de mure dessert toute la France. En toute s\u00e9r\u00e9nit\u00e9 et ponctualit\u00e9.\" \/>\n<meta name=\"robots\" content=\"index, follow, max-snippet:-1, max-image-preview:large, max-video-preview:-1\" \/>\n<link rel=\"canonical\" href=\"https:\/\/allotaxisaintlaurentdemure.fr\/index.php\/question-et-zone\/\" \/>\n<meta property=\"og:locale\" content=\"fr_FR\" \/>\n<meta property=\"og:type\" content=\"article\" \/>\n<meta property=\"og:title\" content=\"Question et Zone\" \/>\n<meta property=\"og:description\" content=\"Question et Zone : Allo Taxi Saint Laurent de mure dessert toute la France. En toute s\u00e9r\u00e9nit\u00e9 et ponctualit\u00e9.\" \/>\n<meta property=\"og:url\" content=\"https:\/\/allotaxisaintlaurentdemure.fr\/index.php\/question-et-zone\/\" \/>\n<meta property=\"og:site_name\" content=\"Allotaxisaintlaurentdemure\" \/>\n<meta property=\"article:modified_time\" content=\"2024-03-13T12:38:08+00:00\" \/>\n<meta name=\"twitter:card\" content=\"summary_large_image\" \/>\n<meta name=\"twitter:label1\" content=\"Dur\u00e9e de lecture estim\u00e9e\" \/>\n\t<meta name=\"twitter:data1\" content=\"1 minute\" \/>\n<script type=\"application\/ld+json\" class=\"yoast-schema-graph\">{\"@context\":\"https:\\\/\\\/schema.org\",\"@graph\":[{\"@type\":\"WebPage\",\"@id\":\"https:\\\/\\\/allotaxisaintlaurentdemure.fr\\\/index.php\\\/question-et-zone\\\/\",\"url\":\"https:\\\/\\\/allotaxisaintlaurentdemure.fr\\\/index.php\\\/question-et-zone\\\/\",\"name\":\"Question et Zone\",\"isPartOf\":{\"@id\":\"https:\\\/\\\/allotaxisaintlaurentdemure.fr\\\/#website\"},\"datePublished\":\"2024-03-13T09:31:52+00:00\",\"dateModified\":\"2024-03-13T12:38:08+00:00\",\"description\":\"Question et Zone : Allo Taxi Saint Laurent de mure dessert toute la France. En toute s\u00e9r\u00e9nit\u00e9 et ponctualit\u00e9.\",\"breadcrumb\":{\"@id\":\"https:\\\/\\\/allotaxisaintlaurentdemure.fr\\\/index.php\\\/question-et-zone\\\/#breadcrumb\"},\"inLanguage\":\"fr-FR\",\"potentialAction\":[{\"@type\":\"ReadAction\",\"target\":[\"https:\\\/\\\/allotaxisaintlaurentdemure.fr\\\/index.php\\\/question-et-zone\\\/\"]}]},{\"@type\":\"BreadcrumbList\",\"@id\":\"https:\\\/\\\/allotaxisaintlaurentdemure.fr\\\/index.php\\\/question-et-zone\\\/#breadcrumb\",\"itemListElement\":[{\"@type\":\"ListItem\",\"position\":1,\"name\":\"Accueil\",\"item\":\"https:\\\/\\\/allotaxisaintlaurentdemure.fr\\\/\"},{\"@type\":\"ListItem\",\"position\":2,\"name\":\"Questions et Zones\"}]},{\"@type\":\"WebSite\",\"@id\":\"https:\\\/\\\/allotaxisaintlaurentdemure.fr\\\/#website\",\"url\":\"https:\\\/\\\/allotaxisaintlaurentdemure.fr\\\/\",\"name\":\"Allo Taxi Saint Laurent de Mure\",\"description\":\"\",\"publisher\":{\"@id\":\"https:\\\/\\\/allotaxisaintlaurentdemure.fr\\\/#organization\"},\"potentialAction\":[{\"@type\":\"SearchAction\",\"target\":{\"@type\":\"EntryPoint\",\"urlTemplate\":\"https:\\\/\\\/allotaxisaintlaurentdemure.fr\\\/?s={search_term_string}\"},\"query-input\":{\"@type\":\"PropertyValueSpecification\",\"valueRequired\":true,\"valueName\":\"search_term_string\"}}],\"inLanguage\":\"fr-FR\"},{\"@type\":\"Organization\",\"@id\":\"https:\\\/\\\/allotaxisaintlaurentdemure.fr\\\/#organization\",\"name\":\"Allo Taxi Saint Laurent de Mure\",\"url\":\"https:\\\/\\\/allotaxisaintlaurentdemure.fr\\\/\",\"logo\":{\"@type\":\"ImageObject\",\"inLanguage\":\"fr-FR\",\"@id\":\"https:\\\/\\\/allotaxisaintlaurentdemure.fr\\\/#\\\/schema\\\/logo\\\/image\\\/\",\"url\":\"https:\\\/\\\/allotaxisaintlaurentdemure.fr\\\/wp-content\\\/uploads\\\/2024\\\/03\\\/cropped-cropped-Logotaxi.jpg\",\"contentUrl\":\"https:\\\/\\\/allotaxisaintlaurentdemure.fr\\\/wp-content\\\/uploads\\\/2024\\\/03\\\/cropped-cropped-Logotaxi.jpg\",\"width\":293,\"height\":365,\"caption\":\"Allo Taxi Saint Laurent de Mure\"},\"image\":{\"@id\":\"https:\\\/\\\/allotaxisaintlaurentdemure.fr\\\/#\\\/schema\\\/logo\\\/image\\\/\"}}]}<\/script>\n<!-- \/ Yoast SEO plugin. -->","yoast_head_json":{"title":"Question et Zone","description":"Question et Zone : Allo Taxi Saint Laurent de mure dessert toute la France. En toute s\u00e9r\u00e9nit\u00e9 et ponctualit\u00e9.","robots":{"index":"index","follow":"follow","max-snippet":"max-snippet:-1","max-image-preview":"max-image-preview:large","max-video-preview":"max-video-preview:-1"},"canonical":"https:\/\/allotaxisaintlaurentdemure.fr\/index.php\/question-et-zone\/","og_locale":"fr_FR","og_type":"article","og_title":"Question et Zone","og_description":"Question et Zone : Allo Taxi Saint Laurent de mure dessert toute la France. En toute s\u00e9r\u00e9nit\u00e9 et ponctualit\u00e9.","og_url":"https:\/\/allotaxisaintlaurentdemure.fr\/index.php\/question-et-zone\/","og_site_name":"Allotaxisaintlaurentdemure","article_modified_time":"2024-03-13T12:38:08+00:00","twitter_card":"summary_large_image","twitter_misc":{"Dur\u00e9e de lecture estim\u00e9e":"1 minute"},"schema":{"@context":"https:\/\/schema.org","@graph":[{"@type":"WebPage","@id":"https:\/\/allotaxisaintlaurentdemure.fr\/index.php\/question-et-zone\/","url":"https:\/\/allotaxisaintlaurentdemure.fr\/index.php\/question-et-zone\/","name":"Question et Zone","isPartOf":{"@id":"https:\/\/allotaxisaintlaurentdemure.fr\/#website"},"datePublished":"2024-03-13T09:31:52+00:00","dateModified":"2024-03-13T12:38:08+00:00","description":"Question et Zone : Allo Taxi Saint Laurent de mure dessert toute la France. En toute s\u00e9r\u00e9nit\u00e9 et ponctualit\u00e9.","breadcrumb":{"@id":"https:\/\/allotaxisaintlaurentdemure.fr\/index.php\/question-et-zone\/#breadcrumb"},"inLanguage":"fr-FR","potentialAction":[{"@type":"ReadAction","target":["https:\/\/allotaxisaintlaurentdemure.fr\/index.php\/question-et-zone\/"]}]},{"@type":"BreadcrumbList","@id":"https:\/\/allotaxisaintlaurentdemure.fr\/index.php\/question-et-zone\/#breadcrumb","itemListElement":[{"@type":"ListItem","position":1,"name":"Accueil","item":"https:\/\/allotaxisaintlaurentdemure.fr\/"},{"@type":"ListItem","position":2,"name":"Questions et Zones"}]},{"@type":"WebSite","@id":"https:\/\/allotaxisaintlaurentdemure.fr\/#website","url":"https:\/\/allotaxisaintlaurentdemure.fr\/","name":"Allo Taxi Saint Laurent de Mure","description":"","publisher":{"@id":"https:\/\/allotaxisaintlaurentdemure.fr\/#organization"},"potentialAction":[{"@type":"SearchAction","target":{"@type":"EntryPoint","urlTemplate":"https:\/\/allotaxisaintlaurentdemure.fr\/?s={search_term_string}"},"query-input":{"@type":"PropertyValueSpecification","valueRequired":true,"valueName":"search_term_string"}}],"inLanguage":"fr-FR"},{"@type":"Organization","@id":"https:\/\/allotaxisaintlaurentdemure.fr\/#organization","name":"Allo Taxi Saint Laurent de Mure","url":"https:\/\/allotaxisaintlaurentdemure.fr\/","logo":{"@type":"ImageObject","inLanguage":"fr-FR","@id":"https:\/\/allotaxisaintlaurentdemure.fr\/#\/schema\/logo\/image\/","url":"https:\/\/allotaxisaintlaurentdemure.fr\/wp-content\/uploads\/2024\/03\/cropped-cropped-Logotaxi.jpg","contentUrl":"https:\/\/allotaxisaintlaurentdemure.fr\/wp-content\/uploads\/2024\/03\/cropped-cropped-Logotaxi.jpg","width":293,"height":365,"caption":"Allo Taxi Saint Laurent de Mure"},"image":{"@id":"https:\/\/allotaxisaintlaurentdemure.fr\/#\/schema\/logo\/image\/"}}]}},"_links":{"self":[{"href":"https:\/\/allotaxisaintlaurentdemure.fr\/index.php\/wp-json\/wp\/v2\/pages\/435","targetHints":{"allow":["GET"]}}],"collection":[{"href":"https:\/\/allotaxisaintlaurentdemure.fr\/index.php\/wp-json\/wp\/v2\/pages"}],"about":[{"href":"https:\/\/allotaxisaintlaurentdemure.fr\/index.php\/wp-json\/wp\/v2\/types\/page"}],"author":[{"embeddable":true,"href":"https:\/\/allotaxisaintlaurentdemure.fr\/index.php\/wp-json\/wp\/v2\/users\/2"}],"replies":[{"embeddable":true,"href":"https:\/\/allotaxisaintlaurentdemure.fr\/index.php\/wp-json\/wp\/v2\/comments?post=435"}],"version-history":[{"count":34,"href":"https:\/\/allotaxisaintlaurentdemure.fr\/index.php\/wp-json\/wp\/v2\/pages\/435\/revisions"}],"predecessor-version":[{"id":540,"href":"https:\/\/allotaxisaintlaurentdemure.fr\/index.php\/wp-json\/wp\/v2\/pages\/435\/revisions\/540"}],"wp:attachment":[{"href":"https:\/\/allotaxisaintlaurentdemure.fr\/index.php\/wp-json\/wp\/v2\/media?parent=435"}],"curies":[{"name":"wp","href":"https:\/\/api.w.org\/{rel}","templated":true}]}}